

{"id":5303,"date":"2024-02-06T08:28:30","date_gmt":"2024-02-06T08:28:30","guid":{"rendered":"https:\/\/www.tavernatrastevere.com\/?page_id=5303"},"modified":"2025-10-02T10:10:00","modified_gmt":"2025-10-02T10:10:00","slug":"london","status":"publish","type":"page","link":"https:\/\/www.tavernatrastevere.com\/it\/london\/","title":{"rendered":"Londra"},"content":{"rendered":"<section class=\"wpb-content-wrapper\"><div id=\"LondonRow1\" data-vc-full-width=\"true\" data-vc-full-width-init=\"false\" data-vc-stretch-content=\"true\" class=\"vc_row wpb_row vc_row-fluid vc_custom_1706869679318 vc_row-has-fill vc_row-no-padding\"><div class=\"wpb_column vc_column_container vc_col-sm-12\"><div class=\"vc_column-inner\"><div class=\"wpb_wrapper\"><\/div><\/div><\/div><\/div><div class=\"vc_row-full-width vc_clearfix\"><\/div><div id=\"LondonRow2\" data-vc-full-width=\"true\" data-vc-full-width-init=\"false\" data-vc-stretch-content=\"true\" class=\"vc_row wpb_row vc_row-fluid vc_custom_1706870386384\"><div class=\"wpb_column vc_column_container vc_col-sm-2\"><div class=\"vc_column-inner\"><div class=\"wpb_wrapper\"><\/div><\/div><\/div><div class=\"wpb_column vc_column_container vc_col-sm-8\" id=\"discoverLondonNuova\"><div class=\"vc_column-inner\"><div class=\"wpb_wrapper\">\r\n\t<div class=\"wpb_text_column wpb_content_element\" >\r\n\t\t<div class=\"wpb_wrapper\">\r\n\t\t\t<h1 style=\"text-align: center;\">SCOPRI<\/h1>\n\r\n\t\t<\/div>\r\n\t<\/div>\r\n\r\n\t<div class=\"wpb_text_column wpb_content_element\" >\r\n\t\t<div class=\"wpb_wrapper\">\r\n\t\t\t<h2 style=\"text-align: center;\"><span style=\"color: #e8b804;\">Il nostro ristorante<\/span><\/h2>\n\r\n\t\t<\/div>\r\n\t<\/div>\r\n\r\n\t<div class=\"wpb_text_column wpb_content_element  vc_custom_1746707645683\" >\r\n\t\t<div class=\"wpb_wrapper\">\r\n\t\t\t<h1 style=\"font-size: 30px !important; text-align: center !important;\">RISTORANTE ITALIANO A LONDRA<\/h1>\n<p class=\"p1 translation-block\" style=\"text-align: center !important;\">Venite a trovarci nel caratteristico quartiere di John\u2019s Hill, dove l\u2019eredit\u00e0 architettonica di met\u00e0 Ottocento si fonde armoniosamente con lo spirito vibrante della Londra moderna.\nPasseggiando in questo affascinante distretto, fate un salto da Taverna Trastevere\u2014un ristorante italiano a Londra che d\u00e0 vita alla vera essenza della cucina romana.<\/p>\n<p class=\"p1 translation-block\" style=\"text-align: center !important;\"><p>Immagina l\u2019ampia bocca di un forno a legna, spalancata su uno sciame di pizze fragranti e croccanti. O un piatto di pasta confortante, ricco di sapore e realizzato con maestria.<br>\nDai tagli di carne pregiati ai sughi romani audaci e saporiti, ogni piatto di Taverna Trastevere \u00e8 pensato per offrire un\u2019esperienza unica \u2013 che ti trasporta direttamente nel cuore di Roma e ti immerge in una tradizione culinaria senza tempo.<\/p><\/p>\n<h3 style=\"font-size: 30px !important; text-align: center !important; font-family: Roman SD !important:;\" class=\"translation-block\"><span style=\"font-family: roman-sd\">PI\u00d9 DI UN RISTORANTE<\/span><br>\n<span style=\"font-family: roman-sd\">La gioia di mangiare insieme<\/span><\/h3>\n<p class=\"p1 translation-block\" style=\"text-align: center !important;\">Da Taverna Trastevere non serviamo solo ottimo cibo: creiamo uno spazio dove le persone possono riunirsi, festeggiare e godersi la compagnia reciproca.\n\u00c8 un\u2019atmosfera calda e vivace, fatta per amici, famiglie e risate.\nCome in una scena di un film italiano, dove il tavolo diventa il palcoscenico dei piaceri pi\u00f9 semplici della vita, sedersi qui significa pi\u00f9 di un pasto: \u00e8 condividere storie, creare ricordi e brindare in buona compagnia.\nChe stiate organizzando un pranzo informale, una cena romantica o una celebrazione speciale, Taverna Trastevere offre un\u2019autentica esperienza italiana che non dimenticherete.<\/p>\n<h3 style=\"font-size: 30px !important; text-align: center !important; font-family: Roman SD !important:;\"><span style=\"font-family: roman-sd;\"> IL NOSTRO RISTORANTE<br \/>\n<\/span><\/h3>\n<p class=\"p1 translation-block\" style=\"text-align: center !important;\">L\u2019idea alla base di Taverna Trastevere \u00e8 semplice e sincera: celebrare la cucina romana autentica e lasciare che il cibo parli da s\u00e9.\nIl nostro men\u00f9 affonda le radici nella tradizione, con un tocco moderno nella presentazione\u2014perch\u00e9 onorare il passato non significa fermarsi.\nNon siamo qui per reinventare i classici, ma per mantenerli vivi, freschi ed entusiasmanti. Ogni piatto \u00e8 realizzato con cura, rispetto per gli ingredienti e tanto, tanto cuore.\nVi invitiamo a scoprire cosa rende speciale questo luogo. Che siate di passaggio per una cena informale o in cerca di una nuova avventura culinaria, troverete volti accoglienti e preparazioni fatte con anima.\nNon \u00e8 solo un pasto: \u00e8 un piccolo pezzo di Roma servito con orgoglio e tanto amore.<\/p>\n\r\n\t\t<\/div>\r\n\t<\/div>\r\n\r\n\t<div  class=\"wpb_single_image wpb_content_element vc_align_center\">\r\n\t\t\r\n\t\t<figure class=\"wpb_wrapper vc_figure\">\r\n\t\t\t<div class=\"vc_single_image-wrapper   vc_box_border_grey\"><img decoding=\"async\" width=\"268\" height=\"130\" src=\"https:\/\/www.tavernatrastevere.com\/wp-content\/uploads\/2024\/10\/tripadvisor.svg\" class=\"vc_single_image-img attachment-full\" alt=\"tripadvisor\" title=\"tripadvisor\" \/><\/div>\r\n\t\t<\/figure>\r\n\t<\/div>\r\n<\/div><\/div><\/div><div class=\"wpb_column vc_column_container vc_col-sm-2\"><div class=\"vc_column-inner\"><div class=\"wpb_wrapper\"><\/div><\/div><\/div><\/div><div class=\"vc_row-full-width vc_clearfix\"><\/div><div id=\"LondonRow3\" data-vc-full-width=\"true\" data-vc-full-width-init=\"false\" data-vc-stretch-content=\"true\" data-vc-parallax=\"1.5\" data-vc-parallax-image=\"https:\/\/www.tavernatrastevere.com\/wp-content\/uploads\/2024\/01\/fish-dish-with-potatoes.jpg\" class=\"vc_row wpb_row vc_row-fluid vc_custom_1706870377847 vc_row-has-fill vc_row-no-padding vc_row-o-content-middle vc_row-flex vc_general vc_parallax vc_parallax-content-moving\"><div class=\"wpb_column vc_column_container vc_col-sm-12\"><div class=\"vc_column-inner\"><div class=\"wpb_wrapper\"><div class=\"vc_row wpb_row vc_inner vc_row-fluid\"><div class=\"wpb_column vc_column_container vc_col-sm-4\"><div class=\"vc_column-inner\"><div class=\"wpb_wrapper\"><\/div><\/div><\/div><div class=\"menuClickButton wpb_column vc_column_container vc_col-sm-4 vc_col-has-fill\"><div class=\"vc_column-inner vc_custom_1706864005509\"><div class=\"wpb_wrapper\">\r\n\t<div class=\"wpb_text_column wpb_content_element  vc_custom_1753802843882\" >\r\n\t\t<div class=\"wpb_wrapper\">\r\n\t\t\t<h2 style=\"text-align: center;\"><a href=\"https:\/\/tavernatrastevere.com\/menu-on\/menu-taverna-trastevere-londra.pdf\" target=\"_blank\" rel=\"noopener\">MENU<\/a><\/h2>\n\r\n\t\t<\/div>\r\n\t<\/div>\r\n<\/div><\/div><\/div><div class=\"wpb_column vc_column_container vc_col-sm-4\"><div class=\"vc_column-inner\"><div class=\"wpb_wrapper\"><\/div><\/div><\/div><\/div><\/div><\/div><\/div><\/div><div class=\"vc_row-full-width vc_clearfix\"><\/div><div id=\"LondonRow4\" data-vc-full-width=\"true\" data-vc-full-width-init=\"false\" data-vc-stretch-content=\"true\" class=\"vc_row wpb_row vc_row-fluid vc_row-no-padding vc_row-o-equal-height vc_row-flex\"><div class=\"wpb_column vc_column_container vc_col-sm-6 vc_col-has-fill\"><div class=\"vc_column-inner vc_custom_1737991252316\"><div class=\"wpb_wrapper\"><div class=\"vc_row wpb_row vc_inner vc_row-fluid vc_custom_1737991708801 vc_row-o-content-middle vc_row-flex\"><div class=\"wpb_column vc_column_container vc_col-sm-12\" id=\"orariLondraNuova\"><div class=\"vc_column-inner\"><div class=\"wpb_wrapper\">\r\n\t<div class=\"wpb_text_column wpb_content_element\" >\r\n\t\t<div class=\"wpb_wrapper\">\r\n\t\t\t<h2 style=\"text-align: center;\">PRENOTA<br \/>\nA LONDRA<\/h2>\n\r\n\t\t<\/div>\r\n\t<\/div>\r\n\r\n\t<div class=\"wpb_text_column wpb_content_element\" >\r\n\t\t<div class=\"wpb_wrapper\">\r\n\t\t\t<h4 style=\"text-align: center;\"><\/h4>\n<p style=\"text-align: center;\"><a href=\"https:\/\/www.google.it\/maps\/place\/112+St+John's+Hl,+London+SW11+1SJ,+Regno+Unito\/@51.4606274,-0.1791594,17z\/data=!3m1!4b1!4m6!3m5!1s0x4876058fdb17dcb3:0xaf3bd8aee47543ed!8m2!3d51.4606274!4d-0.1765845!16s%2Fg%2F11bw4nw7px?entry=ttu&amp;g_ep=EgoyMDI1MDEyMi4wIKXMDSoASAFQAw%3D%3D\" rel=\"noopener\">112 St John\u2019s Hill, London SW11 1SJ, UK<\/a><\/p>\n<p style=\"text-align: center;\">Luned\u00ec-Gioved\u00ec: 12:00 \u2013 15:00 \/ 18:00 \u2013 22:00<br \/>\nVenerd\u00ec: 12:00 \u2013 15:00 \/ 18:00 \u2013 22:30<br \/>\nSabato: 12:00 \u2013 22:30<br \/>\nDomenica: 12:00 \u2013 22:00<\/p>\n<p style=\"text-align: center;\"><a href=\"tel: +442072287772\">+44 20 7228 7772<\/a><\/p>\n<p>Instagram: <a href=\"https:\/\/www.instagram.com\/tavernatrastevere_london\/\" target=\"_blank\" rel=\"noopener\">HERE<\/a><\/p>\n\r\n\t\t<\/div>\r\n\t<\/div>\r\n<div class=\"vc_btn3-container vc_btn3-center\" ><a class=\"vc_general vc_btn3 vc_btn3-size-md vc_btn3-shape-round vc_btn3-style-flat vc_btn3-color-black\" href=\"https:\/\/www.sevenrooms.com\/explore\/tavernatrasteverelondon\/reservations\/create\/search\/\" title=\"\" target=\"_blank\">PRENOTA ORA<\/a><\/div><\/div><\/div><\/div><\/div><\/div><\/div><\/div><div class=\"wpb_column vc_column_container vc_col-sm-6\" id=\"caroselloLondra\"><div class=\"vc_column-inner\"><div class=\"wpb_wrapper\"><div class=\"wpb_images_carousel wpb_content_element vc_clearfix\"><div class=\"wpb_wrapper\"><div id=\"vc_images-carousel-1-1776512124\" data-ride=\"vc_carousel\" data-wrap=\"true\" style=\"width: 100%;\" data-interval=\"2500\" data-auto-height=\"yes\" data-mode=\"horizontal\" data-partial=\"false\" data-per-view=\"1\" data-hide-on-end=\"false\" class=\"vc_slide vc_images_carousel\"><ol class=\"vc_carousel-indicators\"><li data-target=\"#vc_images-carousel-1-1776512124\" data-slide-to=\"0\"><\/li><li data-target=\"#vc_images-carousel-1-1776512124\" data-slide-to=\"1\"><\/li><li data-target=\"#vc_images-carousel-1-1776512124\" data-slide-to=\"2\"><\/li><li data-target=\"#vc_images-carousel-1-1776512124\" data-slide-to=\"3\"><\/li><\/ol><div class=\"vc_carousel-inner\"><div class=\"vc_carousel-slideline\"><div class=\"vc_carousel-slideline-inner\"><div class=\"vc_item\"><div class=\"vc_inner\"><img fetchpriority=\"high\" decoding=\"async\" width=\"1600\" height=\"1600\" src=\"https:\/\/www.tavernatrastevere.com\/wp-content\/uploads\/2024\/02\/sedute.jpg\" class=\"attachment-full\" alt=\"interni taverna trastevere londra\" title=\"interni taverna trastevere londra\" srcset=\"https:\/\/www.tavernatrastevere.com\/wp-content\/uploads\/2024\/02\/sedute.jpg 1600w, https:\/\/www.tavernatrastevere.com\/wp-content\/uploads\/2024\/02\/sedute-300x300.jpg 300w, https:\/\/www.tavernatrastevere.com\/wp-content\/uploads\/2024\/02\/sedute-1024x1024.jpg 1024w, https:\/\/www.tavernatrastevere.com\/wp-content\/uploads\/2024\/02\/sedute-150x150.jpg 150w, https:\/\/www.tavernatrastevere.com\/wp-content\/uploads\/2024\/02\/sedute-768x768.jpg 768w, https:\/\/www.tavernatrastevere.com\/wp-content\/uploads\/2024\/02\/sedute-1536x1536.jpg 1536w, https:\/\/www.tavernatrastevere.com\/wp-content\/uploads\/2024\/02\/sedute-12x12.jpg 12w\" sizes=\"(max-width: 1600px) 100vw, 1600px\" \/><\/div><\/div><div class=\"vc_item\"><div class=\"vc_inner\"><img decoding=\"async\" width=\"1600\" height=\"1600\" src=\"https:\/\/www.tavernatrastevere.com\/wp-content\/uploads\/2024\/02\/logo.jpg\" class=\"attachment-full\" alt=\"tovaglietta con logo taverna trastevere\" title=\"tovaglietta con logo taverna trastevere\" srcset=\"https:\/\/www.tavernatrastevere.com\/wp-content\/uploads\/2024\/02\/logo.jpg 1600w, https:\/\/www.tavernatrastevere.com\/wp-content\/uploads\/2024\/02\/logo-300x300.jpg 300w, https:\/\/www.tavernatrastevere.com\/wp-content\/uploads\/2024\/02\/logo-1024x1024.jpg 1024w, https:\/\/www.tavernatrastevere.com\/wp-content\/uploads\/2024\/02\/logo-150x150.jpg 150w, https:\/\/www.tavernatrastevere.com\/wp-content\/uploads\/2024\/02\/logo-768x768.jpg 768w, https:\/\/www.tavernatrastevere.com\/wp-content\/uploads\/2024\/02\/logo-1536x1536.jpg 1536w, https:\/\/www.tavernatrastevere.com\/wp-content\/uploads\/2024\/02\/logo-12x12.jpg 12w\" sizes=\"(max-width: 1600px) 100vw, 1600px\" \/><\/div><\/div><div class=\"vc_item\"><div class=\"vc_inner\"><img loading=\"lazy\" decoding=\"async\" width=\"1600\" height=\"1600\" src=\"https:\/\/www.tavernatrastevere.com\/wp-content\/uploads\/2024\/02\/interni-caldi.jpg\" class=\"attachment-full\" alt=\"interni taverna trastevere londra\" title=\"interni taverna trastevere londra\" srcset=\"https:\/\/www.tavernatrastevere.com\/wp-content\/uploads\/2024\/02\/interni-caldi.jpg 1600w, https:\/\/www.tavernatrastevere.com\/wp-content\/uploads\/2024\/02\/interni-caldi-300x300.jpg 300w, https:\/\/www.tavernatrastevere.com\/wp-content\/uploads\/2024\/02\/interni-caldi-1024x1024.jpg 1024w, https:\/\/www.tavernatrastevere.com\/wp-content\/uploads\/2024\/02\/interni-caldi-150x150.jpg 150w, https:\/\/www.tavernatrastevere.com\/wp-content\/uploads\/2024\/02\/interni-caldi-768x768.jpg 768w, https:\/\/www.tavernatrastevere.com\/wp-content\/uploads\/2024\/02\/interni-caldi-1536x1536.jpg 1536w, https:\/\/www.tavernatrastevere.com\/wp-content\/uploads\/2024\/02\/interni-caldi-12x12.jpg 12w\" sizes=\"(max-width: 1600px) 100vw, 1600px\" \/><\/div><\/div><div class=\"vc_item\"><div class=\"vc_inner\"><img loading=\"lazy\" decoding=\"async\" width=\"1600\" height=\"1600\" src=\"https:\/\/www.tavernatrastevere.com\/wp-content\/uploads\/2024\/02\/esterno.jpg\" class=\"attachment-full\" alt=\"esterno con posti a sedere della taverna trastevere a londra\" title=\"esterno taverna trastevere londra\" srcset=\"https:\/\/www.tavernatrastevere.com\/wp-content\/uploads\/2024\/02\/esterno.jpg 1600w, https:\/\/www.tavernatrastevere.com\/wp-content\/uploads\/2024\/02\/esterno-300x300.jpg 300w, https:\/\/www.tavernatrastevere.com\/wp-content\/uploads\/2024\/02\/esterno-1024x1024.jpg 1024w, https:\/\/www.tavernatrastevere.com\/wp-content\/uploads\/2024\/02\/esterno-150x150.jpg 150w, https:\/\/www.tavernatrastevere.com\/wp-content\/uploads\/2024\/02\/esterno-768x768.jpg 768w, https:\/\/www.tavernatrastevere.com\/wp-content\/uploads\/2024\/02\/esterno-1536x1536.jpg 1536w, https:\/\/www.tavernatrastevere.com\/wp-content\/uploads\/2024\/02\/esterno-12x12.jpg 12w\" sizes=\"(max-width: 1600px) 100vw, 1600px\" \/><\/div><\/div><\/div><\/div><\/div><a class=\"vc_left vc_carousel-control\" href=\"#vc_images-carousel-1-1776512124\" data-slide=\"prev\"><span class=\"icon-prev\"><\/span><\/a><a class=\"vc_right vc_carousel-control\" href=\"#vc_images-carousel-1-1776512124\" data-slide=\"next\"><span class=\"icon-next\"><\/span><\/a><\/div><\/div><\/div><\/div><\/div><\/div><\/div><div class=\"vc_row-full-width vc_clearfix\"><\/div><div id=\"LondonRow5\" data-vc-full-width=\"true\" data-vc-full-width-init=\"false\" data-vc-stretch-content=\"true\" class=\"vc_row wpb_row vc_row-fluid vc_custom_1706870363876 vc_row-has-fill vc_row-no-padding\"><div class=\"wpb_column vc_column_container vc_col-sm-12\"><div class=\"vc_column-inner\"><div class=\"wpb_wrapper\"><\/div><\/div><\/div><\/div><div class=\"vc_row-full-width vc_clearfix\"><\/div><div data-vc-full-width=\"true\" data-vc-full-width-init=\"false\" data-vc-stretch-content=\"true\" class=\"vc_row wpb_row vc_row-fluid vc_custom_1697548337670 vc_row-has-fill vc_row-no-padding\"><div class=\"footerPayoff wpb_column vc_column_container vc_col-sm-12\"><div class=\"vc_column-inner\"><div class=\"wpb_wrapper\">\r\n\t<div class=\"wpb_text_column wpb_content_element  footerPayoff\" >\r\n\t\t<div class=\"wpb_wrapper\">\r\n\t\t\t<p style=\"text-align: center;\"><span style=\"color: #e8b804;\"><strong>Morsi di Tradizione Romana<\/strong><\/span><\/p>\n\r\n\t\t<\/div>\r\n\t<\/div>\r\n<\/div><\/div><\/div><\/div><div class=\"vc_row-full-width vc_clearfix\"><\/div>\n<\/section>","protected":false},"excerpt":{"rendered":"DISCOVER Our restaurant Italian Restaurant in London Visit our restaurant in the charming neighborhood of John\u2019s Hill, where the rich legacy of mid-19th-century architecture blends beautifully with the vibrant spirit of modern London. As you stroll through this picturesque district, take a moment to step inside Taverna Trastevere - an Italian restaurant in London that<br class=\"read-more-spacer\"> <a class=\"more-link\" href=\"https:\/\/www.tavernatrastevere.com\/it\/london\/\">Read More<\/a>","protected":false},"author":3,"featured_media":5134,"parent":0,"menu_order":0,"comment_status":"closed","ping_status":"closed","template":"","meta":{"footnotes":""},"class_list":["post-5303","page","type-page","status-publish","has-post-thumbnail","hentry"],"acf":[],"yoast_head":"<!-- This site is optimized with the Yoast SEO plugin v24.7 - https:\/\/yoast.com\/wordpress\/plugins\/seo\/ -->\n<title>Italian Restaurant in London - Taverna Trastevere<\/title>\n<meta name=\"description\" content=\"Experience the best of authentic Italian cuisine at Taverna Trastevere, an Italian restaurant in London. Enjoy traditional dishes, fresh...\" \/>\n<meta name=\"robots\" content=\"index, follow, max-snippet:-1, max-image-preview:large, max-video-preview:-1\" \/>\n<link rel=\"canonical\" href=\"https:\/\/www.tavernatrastevere.com\/it\/london\/\" \/>\n<meta property=\"og:locale\" content=\"it_IT\" \/>\n<meta property=\"og:type\" content=\"article\" \/>\n<meta property=\"og:title\" content=\"Italian Restaurant in London - Taverna Trastevere\" \/>\n<meta property=\"og:description\" content=\"Experience the best of authentic Italian cuisine at Taverna Trastevere, an Italian restaurant in London. Enjoy traditional dishes, fresh...\" \/>\n<meta property=\"og:url\" content=\"https:\/\/www.tavernatrastevere.com\/it\/london\/\" \/>\n<meta property=\"og:site_name\" content=\"Taverna Trastevere\" \/>\n<meta property=\"article:modified_time\" content=\"2025-10-02T10:10:00+00:00\" \/>\n<meta property=\"og:image\" content=\"https:\/\/www.tavernatrastevere.com\/wp-content\/uploads\/2023\/11\/cropped-favicon-1000x1000-1.jpg\" \/>\n\t<meta property=\"og:image:width\" content=\"512\" \/>\n\t<meta property=\"og:image:height\" content=\"512\" \/>\n\t<meta property=\"og:image:type\" content=\"image\/jpeg\" \/>\n<meta name=\"twitter:card\" content=\"summary_large_image\" \/>\n<meta name=\"twitter:label1\" content=\"Tempo di lettura stimato\" \/>\n\t<meta name=\"twitter:data1\" content=\"4 minuti\" \/>\n<script type=\"application\/ld+json\" class=\"yoast-schema-graph\">{\"@context\":\"https:\/\/schema.org\",\"@graph\":[{\"@type\":\"WebPage\",\"@id\":\"https:\/\/www.tavernatrastevere.com\/london\/\",\"url\":\"https:\/\/www.tavernatrastevere.com\/london\/\",\"name\":\"Italian Restaurant in London - Taverna Trastevere\",\"isPartOf\":{\"@id\":\"https:\/\/www.tavernatrastevere.com\/eng\/#website\"},\"primaryImageOfPage\":{\"@id\":\"https:\/\/www.tavernatrastevere.com\/london\/#primaryimage\"},\"image\":{\"@id\":\"https:\/\/www.tavernatrastevere.com\/london\/#primaryimage\"},\"thumbnailUrl\":\"https:\/\/www.tavernatrastevere.com\/wp-content\/uploads\/2023\/11\/cropped-favicon-1000x1000-1.jpg\",\"datePublished\":\"2024-02-06T08:28:30+00:00\",\"dateModified\":\"2025-10-02T10:10:00+00:00\",\"description\":\"Experience the best of authentic Italian cuisine at Taverna Trastevere, an Italian restaurant in London. Enjoy traditional dishes, fresh...\",\"breadcrumb\":{\"@id\":\"https:\/\/www.tavernatrastevere.com\/london\/#breadcrumb\"},\"inLanguage\":\"it-IT\",\"potentialAction\":[{\"@type\":\"ReadAction\",\"target\":[\"https:\/\/www.tavernatrastevere.com\/london\/\"]}]},{\"@type\":\"ImageObject\",\"inLanguage\":\"it-IT\",\"@id\":\"https:\/\/www.tavernatrastevere.com\/london\/#primaryimage\",\"url\":\"https:\/\/www.tavernatrastevere.com\/wp-content\/uploads\/2023\/11\/cropped-favicon-1000x1000-1.jpg\",\"contentUrl\":\"https:\/\/www.tavernatrastevere.com\/wp-content\/uploads\/2023\/11\/cropped-favicon-1000x1000-1.jpg\",\"width\":512,\"height\":512,\"caption\":\"Italian Restaurant - Taverna Trastevere\"},{\"@type\":\"BreadcrumbList\",\"@id\":\"https:\/\/www.tavernatrastevere.com\/london\/#breadcrumb\",\"itemListElement\":[{\"@type\":\"ListItem\",\"position\":1,\"name\":\"Home\",\"item\":\"https:\/\/www.tavernatrastevere.com\/\"},{\"@type\":\"ListItem\",\"position\":2,\"name\":\"Londra\"}]},{\"@type\":\"WebSite\",\"@id\":\"https:\/\/www.tavernatrastevere.com\/eng\/#website\",\"url\":\"https:\/\/www.tavernatrastevere.com\/eng\/\",\"name\":\"Taverna Trastevere\",\"description\":\"the taste of Rome\",\"publisher\":{\"@id\":\"https:\/\/www.tavernatrastevere.com\/eng\/#organization\"},\"potentialAction\":[{\"@type\":\"SearchAction\",\"target\":{\"@type\":\"EntryPoint\",\"urlTemplate\":\"https:\/\/www.tavernatrastevere.com\/eng\/?s={search_term_string}\"},\"query-input\":{\"@type\":\"PropertyValueSpecification\",\"valueRequired\":true,\"valueName\":\"search_term_string\"}}],\"inLanguage\":\"it-IT\"},{\"@type\":\"Organization\",\"@id\":\"https:\/\/www.tavernatrastevere.com\/eng\/#organization\",\"name\":\"Taverna Trastevere\",\"url\":\"https:\/\/www.tavernatrastevere.com\/eng\/\",\"logo\":{\"@type\":\"ImageObject\",\"inLanguage\":\"it-IT\",\"@id\":\"https:\/\/www.tavernatrastevere.com\/eng\/#\/schema\/logo\/image\/\",\"url\":\"https:\/\/www.tavernatrastevere.com\/wp-content\/uploads\/2023\/07\/Logo-height-120px.png\",\"contentUrl\":\"https:\/\/www.tavernatrastevere.com\/wp-content\/uploads\/2023\/07\/Logo-height-120px.png\",\"width\":193,\"height\":120,\"caption\":\"Taverna Trastevere\"},\"image\":{\"@id\":\"https:\/\/www.tavernatrastevere.com\/eng\/#\/schema\/logo\/image\/\"},\"sameAs\":[\"https:\/\/www.instagram.com\/tavernatrastevere_london\/\",\"https:\/\/www.instagram.com\/tavernatrastevere_milano\/\"]}]}<\/script>\n<!-- \/ Yoast SEO plugin. -->","yoast_head_json":{"title":"Italian Restaurant in London - Taverna Trastevere","description":"Experience the best of authentic Italian cuisine at Taverna Trastevere, an Italian restaurant in London. Enjoy traditional dishes, fresh...","robots":{"index":"index","follow":"follow","max-snippet":"max-snippet:-1","max-image-preview":"max-image-preview:large","max-video-preview":"max-video-preview:-1"},"canonical":"https:\/\/www.tavernatrastevere.com\/it\/london\/","og_locale":"it_IT","og_type":"article","og_title":"Italian Restaurant in London - Taverna Trastevere","og_description":"Experience the best of authentic Italian cuisine at Taverna Trastevere, an Italian restaurant in London. Enjoy traditional dishes, fresh...","og_url":"https:\/\/www.tavernatrastevere.com\/it\/london\/","og_site_name":"Taverna Trastevere","article_modified_time":"2025-10-02T10:10:00+00:00","og_image":[{"width":512,"height":512,"url":"https:\/\/www.tavernatrastevere.com\/wp-content\/uploads\/2023\/11\/cropped-favicon-1000x1000-1.jpg","type":"image\/jpeg"}],"twitter_card":"summary_large_image","twitter_misc":{"Tempo di lettura stimato":"4 minuti"},"schema":{"@context":"https:\/\/schema.org","@graph":[{"@type":"WebPage","@id":"https:\/\/www.tavernatrastevere.com\/london\/","url":"https:\/\/www.tavernatrastevere.com\/london\/","name":"Italian Restaurant in London - Taverna Trastevere","isPartOf":{"@id":"https:\/\/www.tavernatrastevere.com\/eng\/#website"},"primaryImageOfPage":{"@id":"https:\/\/www.tavernatrastevere.com\/london\/#primaryimage"},"image":{"@id":"https:\/\/www.tavernatrastevere.com\/london\/#primaryimage"},"thumbnailUrl":"https:\/\/www.tavernatrastevere.com\/wp-content\/uploads\/2023\/11\/cropped-favicon-1000x1000-1.jpg","datePublished":"2024-02-06T08:28:30+00:00","dateModified":"2025-10-02T10:10:00+00:00","description":"Experience the best of authentic Italian cuisine at Taverna Trastevere, an Italian restaurant in London. Enjoy traditional dishes, fresh...","breadcrumb":{"@id":"https:\/\/www.tavernatrastevere.com\/london\/#breadcrumb"},"inLanguage":"it-IT","potentialAction":[{"@type":"ReadAction","target":["https:\/\/www.tavernatrastevere.com\/london\/"]}]},{"@type":"ImageObject","inLanguage":"it-IT","@id":"https:\/\/www.tavernatrastevere.com\/london\/#primaryimage","url":"https:\/\/www.tavernatrastevere.com\/wp-content\/uploads\/2023\/11\/cropped-favicon-1000x1000-1.jpg","contentUrl":"https:\/\/www.tavernatrastevere.com\/wp-content\/uploads\/2023\/11\/cropped-favicon-1000x1000-1.jpg","width":512,"height":512,"caption":"Italian Restaurant - Taverna Trastevere"},{"@type":"BreadcrumbList","@id":"https:\/\/www.tavernatrastevere.com\/london\/#breadcrumb","itemListElement":[{"@type":"ListItem","position":1,"name":"Home","item":"https:\/\/www.tavernatrastevere.com\/"},{"@type":"ListItem","position":2,"name":"Londra"}]},{"@type":"WebSite","@id":"https:\/\/www.tavernatrastevere.com\/eng\/#website","url":"https:\/\/www.tavernatrastevere.com\/eng\/","name":"Taverna Trastevere","description":"the taste of Rome","publisher":{"@id":"https:\/\/www.tavernatrastevere.com\/eng\/#organization"},"potentialAction":[{"@type":"SearchAction","target":{"@type":"EntryPoint","urlTemplate":"https:\/\/www.tavernatrastevere.com\/eng\/?s={search_term_string}"},"query-input":{"@type":"PropertyValueSpecification","valueRequired":true,"valueName":"search_term_string"}}],"inLanguage":"it-IT"},{"@type":"Organization","@id":"https:\/\/www.tavernatrastevere.com\/eng\/#organization","name":"Taverna Trastevere","url":"https:\/\/www.tavernatrastevere.com\/eng\/","logo":{"@type":"ImageObject","inLanguage":"it-IT","@id":"https:\/\/www.tavernatrastevere.com\/eng\/#\/schema\/logo\/image\/","url":"https:\/\/www.tavernatrastevere.com\/wp-content\/uploads\/2023\/07\/Logo-height-120px.png","contentUrl":"https:\/\/www.tavernatrastevere.com\/wp-content\/uploads\/2023\/07\/Logo-height-120px.png","width":193,"height":120,"caption":"Taverna Trastevere"},"image":{"@id":"https:\/\/www.tavernatrastevere.com\/eng\/#\/schema\/logo\/image\/"},"sameAs":["https:\/\/www.instagram.com\/tavernatrastevere_london\/","https:\/\/www.instagram.com\/tavernatrastevere_milano\/"]}]}},"_links":{"self":[{"href":"https:\/\/www.tavernatrastevere.com\/it\/wp-json\/wp\/v2\/pages\/5303","targetHints":{"allow":["GET"]}}],"collection":[{"href":"https:\/\/www.tavernatrastevere.com\/it\/wp-json\/wp\/v2\/pages"}],"about":[{"href":"https:\/\/www.tavernatrastevere.com\/it\/wp-json\/wp\/v2\/types\/page"}],"author":[{"embeddable":true,"href":"https:\/\/www.tavernatrastevere.com\/it\/wp-json\/wp\/v2\/users\/3"}],"replies":[{"embeddable":true,"href":"https:\/\/www.tavernatrastevere.com\/it\/wp-json\/wp\/v2\/comments?post=5303"}],"version-history":[{"count":61,"href":"https:\/\/www.tavernatrastevere.com\/it\/wp-json\/wp\/v2\/pages\/5303\/revisions"}],"predecessor-version":[{"id":6484,"href":"https:\/\/www.tavernatrastevere.com\/it\/wp-json\/wp\/v2\/pages\/5303\/revisions\/6484"}],"wp:featuredmedia":[{"embeddable":true,"href":"https:\/\/www.tavernatrastevere.com\/it\/wp-json\/wp\/v2\/media\/5134"}],"wp:attachment":[{"href":"https:\/\/www.tavernatrastevere.com\/it\/wp-json\/wp\/v2\/media?parent=5303"}],"curies":[{"name":"wp","href":"https:\/\/api.w.org\/{rel}","templated":true}]}}